{"id":242,"date":"2013-06-20T16:25:05","date_gmt":"2013-06-20T14:25:05","guid":{"rendered":"http:\/\/sdeaa.feaa.uaic.ro\/?page_id=242"},"modified":"2020-04-23T13:14:03","modified_gmt":"2020-04-23T11:14:03","slug":"membrii-csd","status":"publish","type":"page","link":"http:\/\/sdeaa.feaa.uaic.ro\/?page_id=242","title":{"rendered":"CSD Members"},"content":{"rendered":"<p style=\"padding-left: 30px;\">Director,<br \/>Prof. dr. <strong>Adriana Zai\u021b<\/strong>, PhD<br \/>Alexandru Ioan Cuza University of Ia\u015fi<\/p>\n<p style=\"padding-left: 30px;\">Prof. dr. <strong>Daniela-Tatiana<\/strong> <strong>Agheorghiesei <\/strong>, PhD<br \/>Alexandru Ioan Cuza University of Ia\u015fi<\/p>\n<p style=\"padding-left: 30px;\">Prof. univ. dr. <strong>Mircea Georgescu<\/strong>, PhD<br \/>Alexandru Ioan Cuza University of Ia\u015fi<\/p>\n<p style=\"padding-left: 30px;\">Prof. univ. dr. <strong>Ovidiu Stoica<\/strong>, PhD<br \/>Alexandru Ioan Cuza University of Ia\u015fi<\/p>\n<p style=\"padding-left: 30px;\">Prof. dr.<strong> Elio Borgonovi<\/strong>, PhD<br \/>Universit\u00e0 Bocconi, Milano<\/p>\n<p style=\"padding-left: 30px;\">Prof. dr. <strong>Lucian Croitoru<\/strong>, PhD<br \/>Academy of Economic Studies, Bucharest<\/p>\n<p style=\"padding-left: 30px;\"><span class=\"ms-rteFontFace-5 ms-rteFontSize-2\"><strong>Aurelia Ilie\u0219<\/strong><\/span>, PhD student<br \/>Alexandru Ioan Cuza University of Ia\u015fi<\/p>\n<p style=\"padding-left: 30px;\"><strong><span class=\"ms-rteFontFace-5 ms-rteFontSize-2\">Cristian Terza<\/span><\/strong>, PhD student<br \/>Alexandru Ioan Cuza University of Ia\u015fi<\/p>\n<p style=\"padding-left: 30px;\"><a href=\"http:\/\/sdeaa.feaa.uaic.ro\/wp-content\/uploads\/2013\/06\/DSC_2815.jpg\"><img loading=\"lazy\" decoding=\"async\" class=\"size-full wp-image-461 alignleft\" src=\"http:\/\/sdeaa.feaa.uaic.ro\/wp-content\/uploads\/2013\/06\/DSC_2815.jpg\" alt=\"DSC_2815\" width=\"602\" height=\"400\" srcset=\"http:\/\/sdeaa.feaa.uaic.ro\/wp-content\/uploads\/2013\/06\/DSC_2815.jpg 602w, http:\/\/sdeaa.feaa.uaic.ro\/wp-content\/uploads\/2013\/06\/DSC_2815-300x199.jpg 300w\" sizes=\"auto, (max-width: 602px) 100vw, 602px\" \/><\/a><\/p>\n\n\n<p><\/p>\n","protected":false},"excerpt":{"rendered":"<p>Director,Prof. dr. Adriana Zai\u021b, PhDAlexandru Ioan Cuza University of Ia\u015fi Prof. dr. Daniela-Tatiana Agheorghiesei , PhDAlexandru Ioan Cuza University of Ia\u015fi Prof. univ. dr. Mircea Georgescu, PhDAlexandru Ioan Cuza University of Ia\u015fi Prof. univ. dr. Ovidiu Stoica, PhDAlexandru Ioan Cuza University of Ia\u015fi Prof. dr. Elio Borgonovi, PhDUniversit\u00e0 Bocconi, Milano Prof. dr. Lucian Croitoru, PhDAcademy [&hellip;]<\/p>\n","protected":false},"author":1,"featured_media":0,"parent":0,"menu_order":0,"comment_status":"open","ping_status":"closed","template":"","meta":{"footnotes":""},"class_list":["post-242","page","type-page","status-publish","hentry"],"_links":{"self":[{"href":"http:\/\/sdeaa.feaa.uaic.ro\/index.php?rest_route=\/wp\/v2\/pages\/242","targetHints":{"allow":["GET"]}}],"collection":[{"href":"http:\/\/sdeaa.feaa.uaic.ro\/index.php?rest_route=\/wp\/v2\/pages"}],"about":[{"href":"http:\/\/sdeaa.feaa.uaic.ro\/index.php?rest_route=\/wp\/v2\/types\/page"}],"author":[{"embeddable":true,"href":"http:\/\/sdeaa.feaa.uaic.ro\/index.php?rest_route=\/wp\/v2\/users\/1"}],"replies":[{"embeddable":true,"href":"http:\/\/sdeaa.feaa.uaic.ro\/index.php?rest_route=%2Fwp%2Fv2%2Fcomments&post=242"}],"version-history":[{"count":24,"href":"http:\/\/sdeaa.feaa.uaic.ro\/index.php?rest_route=\/wp\/v2\/pages\/242\/revisions"}],"predecessor-version":[{"id":716,"href":"http:\/\/sdeaa.feaa.uaic.ro\/index.php?rest_route=\/wp\/v2\/pages\/242\/revisions\/716"}],"wp:attachment":[{"href":"http:\/\/sdeaa.feaa.uaic.ro\/index.php?rest_route=%2Fwp%2Fv2%2Fmedia&parent=242"}],"curies":[{"name":"wp","href":"https:\/\/api.w.org\/{rel}","templated":true}]}}