{"id":252,"date":"2013-06-21T08:54:43","date_gmt":"2013-06-21T06:54:43","guid":{"rendered":"http:\/\/sdeaa.feaa.uaic.ro\/?page_id=252"},"modified":"2016-10-26T15:35:20","modified_gmt":"2016-10-26T13:35:20","slug":"domenii-de-doctorat","status":"publish","type":"page","link":"http:\/\/sdeaa.feaa.uaic.ro\/?page_id=252","title":{"rendered":"Doctoral domains"},"content":{"rendered":"<p><em><strong>Cybernetics and Statistics<\/strong><\/em><\/p>\n<p><strong>Prof. univ. dr. Dinu AIRINEI<br \/>\n<\/strong><\/p>\n<p>1. Decision Support Systems in Business Virtual Environment<\/p>\n<p>2. Trends in Business Intelligence Technologies<\/p>\n<p>3. Ensuring Data Quality in Data Deposits<\/p>\n<p>4. Using Data deposits in Business Intelligence Solutions<\/p>\n<p><strong>Prof. univ. dr. Anca Laura ASANDULUI<br \/>\n<\/strong><\/p>\n<p>1. Measuring Public Sector Performance<\/p>\n<p>2. Determiners and Trends of Contageous Diseases<\/p>\n<p>3. Family and Reproductive Behaviour in Romania<\/p>\n<p>4. Multilevel Models for Nominal and Ordinal Variables<\/p>\n<p>5. Causal Inference in Social Sciences<\/p>\n<p><strong>Prof univ. dr. Elisabeta JABA cotutel\u0103<br \/>\n<\/strong><\/p>\n<p>1. Identification and Analysis of Interest Profiles<\/p>\n<p>2. Modelling Structural Variance of Demographic Phenomena and Processes<\/p>\n<p>3. Modelling the Dynamic Macroeconomic Phenomena<\/p>\n<p>4. Estimating Risk in Economic and Financial Operations<\/p>\n<p><strong>Prof. univ. dr. Elena Carmen PINTILESCU<br \/>\n<\/strong><\/p>\n<p>1. Econometric Modelling of the Relation between Inflation and Economic Growth and their Uncertainty<\/p>\n<p>2. Econometric Models of Economic Development at the Regional Level in Romania[\/wptabcontent]<\/p>\n<p>&nbsp;<\/p>\n<p><em><strong>Accountancy<\/strong><\/em><\/p>\n<p><strong>Prof. univ. dr. Ioan ANDONE<br \/>\n<\/strong><\/p>\n<p>1. Technologies and Innovations in Accounting information Systems<\/p>\n<p>2. Modelling Processes and Developing Accounting Information Systems<\/p>\n<p>3. Onthology Development for Accounting Information Systems<\/p>\n<p>4. Conceptual Modelling and Accounting Onthology Design<\/p>\n<p>5. Developing E-Accounting Systems<\/p>\n<p>6. Using E-learning Technology in Learning Accounting<\/p>\n<p>7. Using Web Services in Accounting Information Systems<\/p>\n<p>8. Using Knowledge Technologies in Accounting<\/p>\n<p><strong>Prof univ. dr. Iuliana Eugenia GEORGESCU<br \/>\n<\/strong><\/p>\n<p>1. Business Accounting and Strategy<\/p>\n<p>2. Past, Present and Future in Accounting Harmonization and Normalization<\/p>\n<p><strong>Prof univ. dr. Emil HOROMNEA (\u00een cotutel\u0103)<br \/>\n<\/strong><\/p>\n<p>1. Deonthology, Regulation and Reasoning In Accounting Profession<\/p>\n<p>2. IIIrd Millenium Accounting \u2013 between True Image and Social Game<\/p>\n<p>3. Opportunities and Challenges in Financial Reporting<\/p>\n<p>4. Present Context and Perspectives in Accounting Normalization, Harmonization and Convergence<\/p>\n<p>5. Truth and Legend in the Evolution of Accounting<\/p>\n<p>6. Accounting Services Market &#8211; Progress, Stagnation and Regress<\/p>\n<p><strong>Prof univ. dr. Marilena MIRONIUC<br \/>\n<\/strong><\/p>\n<p>1.Performance Management, Quality of Financial Reporting and Financial Market Reactions<\/p>\n<p>2.Performance and the Risk of Real Estate Investments at the International Level. A Cultural Differences Approach<\/p>\n<p>3. Financial and Accounting Innovations and Business Ethics. Consequences on Value Creation<\/p>\n<p>4. Multinationals versus Local Businessesin Emergent Economies: Interdependencies and Specific Features<\/p>\n<p>5. Behaviour of SMEs towards Financial Strategy and Accounting Referential<\/p>\n<p><strong>Prof univ. dr. Neculai TAB\u0102R\u0102 (\u00een cotutel\u0103)<br \/>\n<\/strong><\/p>\n<p>1. Applying the Correlation Method in the Analysis of Financial Performance of Businesses<\/p>\n<p>2. Methods of Evaluation of Businesses in Difficult Crisis<\/p>\n<p>3. traditional and Modern in Managerial Accounting<\/p>\n<p>4. Specific Features of Financial Reporting of Multinationals<\/p>\n<p>5. Accounting Practitioners &#8211; Guarantors of True Image of Businesses<\/p>\n<p>6. Analysis of Financial positions of Businesses<\/p>\n<p>7. Correlation between Business and National Accounting<\/p>\n<p>&nbsp;<\/p>\n<p><em><strong>Economics<\/strong><\/em><\/p>\n<p><strong style=\"line-height: 1.5em;\">Prof univ. dr. Ion IGNAT<br \/>\n<\/strong><\/p>\n<p>1. Globalization Effects on World Economic Institutions<\/p>\n<p>2. European Monetary Integration &#8211; between Hope and Disillusion<\/p>\n<p>3. China &#8211; A New Economic Power Pole<\/p>\n<p><strong>Prof. univ. dr. Victor PLOAE<br \/>\n<\/strong><\/p>\n<p>1. Identifying and Capitalizing on Competitive advantage in the Intercultural Context<\/p>\n<p>2. Social Fairness versus Social Justice in Income Distribution in Economy<\/p>\n<p>3. Topological Effects of Economic Regionalization in the World<\/p>\n<p>4. Regional Development Policies in Romania<\/p>\n<p>5. Assessing the Relation between Economic Globalization and Economic Development Sustainability of Romanian Economy<\/p>\n<p>6. Economic Foundation of Inflation. Structural Inflation<\/p>\n<p>7. Identifying Necessary Trends of the Romanian Energy System in the Context of Regional Integration and European Construction<\/p>\n<p>8. Structural and Methodological Analysis of the Limit between &#8220;Market Failure&#8221; and &#8220;Government Failure&#8221;<\/p>\n<p>9. Socioeconomic Policy from the Reduction of Urban-Rural and Urban-Urban Gaps in Romania<\/p>\n<p>10. Towards Refining a Social European Model<\/p>\n<p>11. Sustainability of Economic Growth and Its Impact on the Design of Macroeconom<\/p>\n<p>12. Adjustment Policies in Romania<\/p>\n<p>&nbsp;<\/p>\n<p><strong>Prof. univ. dr. Ion POHOA\u0162\u0102<br \/>\n<\/strong><\/p>\n<p><span style=\"text-decoration: underline;\">A. Research Direction ECONOMIC THOUGHT<\/span><\/p>\n<p>1. Current Economic Crisis in Keynesist View<\/p>\n<p>2. Current Economic Crisis in Liberal View<\/p>\n<p>3. Protectionism opportunity in an Integrative Economic Environment<\/p>\n<p>4. Interventionism &#8211; A Historical and Doctrinary Retrospective<\/p>\n<p>5. From &#8220;State Reasons&#8221; to Liberal State<\/p>\n<p>6. Valencies of Walrasian economic Equilibrium in a Global World<\/p>\n<p>7. Valencies of Keynesist Economic Equilibrium in a Global World<\/p>\n<p>8. Liberalism and Economic Development<\/p>\n<p>9. From the Say Law to the Doctrine of Offer. Prevalence of production and Global Competition<\/p>\n<p>10. What Economic Neoliberalism Means Today?<\/p>\n<p>11. Monetarism and Monetary Policies<\/p>\n<p>12. Regional Develop[ment &#8211; a Doctrinary Perspective<\/p>\n<p>13. Sovereignty or Consumer Protection?<\/p>\n<p>14. Interventionism or Free Exchange in the Context of 2008 Crisis<\/p>\n<p>15. Theory of Protectionism and International Exchange in Mihail Manoilescu&#8217;s Work<\/p>\n<p>16. Indianism and Economic Development<\/p>\n<p>17. Christian Religion and Western Economic Development<\/p>\n<p>18. Paradox World of the Theory and Practice of International Trade<\/p>\n<p>19. Islamic Economy. Theoretical and Doctrinary Valencies<\/p>\n<p>20. Doctrinary Foundations of Modern Policies in the Area of Competion<\/p>\n<p>21. Marxist Economic Thought. Echoes at the Beginning of the XXIst Century<\/p>\n<p>22. The third Way &#8211; Realism or Logical Inadequacy<\/p>\n<p>23. Economic Doctrine of Nipponism<\/p>\n<p>24. Market Economy and Economic Philosophy of the Two Systems. Case Study on China<\/p>\n<p>25. Socialisml &#8211; a Failed Economic Doctrine<\/p>\n<p>26. Between Nationalism and Global World of the XXIst Century<\/p>\n<p><span style=\"text-decoration: underline;\">B. Research Direction Austrian School<\/span><\/p>\n<p>1. Economic Crisis of 2008 Period\u2019-&#8230; Austrian School Perspective<\/p>\n<p>2. Libertarian Vocation of the austrain School<\/p>\n<p>3. Main Approaches of the Austran School: C. Menger and L. von Wieser<\/p>\n<p>4. Nationalization of Money &#8211; An Utopical Solution?<\/p>\n<p>5. Capital Market in the Austrian School Approach<\/p>\n<p>6. Binom Nominal &#8211; Real Economy in the Austrian School Approach<\/p>\n<p>7. Economies and Investments. A Non-Standard Version.<\/p>\n<p><span style=\"text-decoration: underline;\">C. Research Direction SUSTAINABLE DEVELOPMENT<\/span><\/p>\n<p>1. Globalization of Capital Markets under the Exigencies of Sustainable Development<\/p>\n<p>2. Interferencies between Foreign Trade and Environment Policies<\/p>\n<p>3. Sustainable Development of Romania in the Context of EU Integration<\/p>\n<p>4. Economic Slowdown within the sustainable development Matrix<\/p>\n<p>5. Connotations of Country Risk in the Sustainable Development Paradigm<\/p>\n<p>6. Human Capital and Economic Sustainable Development<\/p>\n<p>7. Issues of Environmental Economy Integration in Standrad Economic Theory<\/p>\n<p>8. Direct Foreign Investments under the exigencies of Sustainable Development<\/p>\n<p>9. Role of Small and Medium-Sized Enterprises in the Context of Sustainable Development<\/p>\n<p>10. Industrial Structure of Romania and the Priorities of Sustainable Development<\/p>\n<p>11. Industrial Vocation of Romania and the Sustainable Development Perspective<\/p>\n<p>12. Effects of the EU Integration and Globalization on the Industrial structure of Romania<\/p>\n<p>13.Ecodevelopment Paradigm of Nicolae Georgescu-Roegen.<\/p>\n<p>14.Policy of Non-Renewable Resources in the Context of Sustainable Development.\u00a0 Case Study on Romania.<\/p>\n<p>15. Role of State and Non-State Actors within the Context of Sustainable Development<\/p>\n<p>16. Specific Influence of Capitalism Models on Sustainable Development<\/p>\n<p>17. Enlarged Europe and the Issues of Sustainable Development of Romania<\/p>\n<p>18. Romanian Politics and the Environmental Standrads of the EU<\/p>\n<p>19. Social Dimensions of Sustainable Development from the Labour Force Employment Perspective in the EU<\/p>\n<p>20. Inter and Intra-Generational Fairness in the Context of Sustainable Development of Romania<\/p>\n<p><span style=\"text-decoration: underline;\">D. Research Direction NEOINSTITUTIONAL ECONOMY<\/span><\/p>\n<p>1.\u00a0Institution of Property (or Free Market) in Economic Development<\/p>\n<p>2. Institutionalist Dimensions of the Austrian School<\/p>\n<p>3. Neoinstitutionalist View on Opportunism, Risk and Uncertainty<\/p>\n<p>4. Unifying vocation of contract in Neoinstitutionalsit School<\/p>\n<p>5. From Transaction Costs to Specific Assets and Integration<\/p>\n<p>6. Institutional Foundations of a Free Economy<\/p>\n<p>7. Institutionalist Theory of Economic Dynamics<\/p>\n<p>8. From Total rationality to Rationality Based on Rules<\/p>\n<p>9. Economic Evolutionism in Neoinstitutionalist Version<\/p>\n<p>10. Theory of Human Behaviour in Neoinstitutionalist View<\/p>\n<p><span style=\"text-decoration: underline;\">E. Research Direction THEORETICAL AND APPLIED ECONOMY<\/span><\/p>\n<p>1.Underground Economy in Romania<\/p>\n<p>2. Economy of Services and Modern Economic Development<\/p>\n<p>3. Economic Relations of Romania with the republic of Moldova<\/p>\n<p>4. Migration and Economic Development of Romania. The Impact of Remittances.<\/p>\n<p>5. Relation between Public-Private Asset in the Context of Competition and Economic Competitiveness<\/p>\n<p>6. Investments and Economic Growth<\/p>\n<p>7. Employment Policy in the Context of Integrated Romania<\/p>\n<p><span style=\"text-decoration: underline;\">F. Research Direction ECONOMIC EPISTOMOLOGY<\/span><\/p>\n<p>1. Homo oeconomicus in the &#8220;war&#8221; with Irrationality<\/p>\n<p>2. Epistemological Dimensions in the Works of Nicolae Georgescu-Roegen.<\/p>\n<p>3. Mathematics and Modeling in Economic Analysis<\/p>\n<p>4. Compensating Arguments in Limited Rationality<\/p>\n<p>5. Epistemological Dimension of Milton Friedman Thought<\/p>\n<p>6. Enemy of Science: Ideology and Attempt at Objectivity in the work of Karl Marx<\/p>\n<p>7. Avatars of Causality in Economy<\/p>\n<p>8. Is economic Science in Crisis?<\/p>\n<p>&nbsp;<\/p>\n<p><em><strong>Economics and International Affairs<\/strong><\/em><\/p>\n<p><strong>Prof. univ. dr. Spiridon PRALEA<br \/>\n<\/strong><\/p>\n<p>1. International Trade and Economic Integration: the case of Romania<\/p>\n<p>2. Reconfiguration of Priorities of the EU Trade Policy in the New Global Context<\/p>\n<p>3. Strategic\u00a0 and Commercial Partnership of the EU &#8211; Russian Federation (or EU &#8211; the republic of Moldova)<\/p>\n<p>4. Rise of BRIC Countries in international Trade<\/p>\n<p>5. Economic Security and Cooperation in Eurasia<\/p>\n<p><strong>Prof. univ. dr. Gabriela Carmen PASCARIU<\/strong><\/p>\n<p>&nbsp;<\/p>\n<p><em><strong>Finance<\/strong><\/em><\/p>\n<p><strong>Prof. univ. dr. Vasile COCRI\u015e<br \/>\n<\/strong><\/p>\n<p>1. Financial Crises, Systemic Risk and Macro-Prudential Regulation in Banking<\/p>\n<p>2. Real Effects of Liquidity and Banking Risk Management<\/p>\n<p>3. Liquidity Management in International Banks and Financing Methods<\/p>\n<p>4. New Technologies and Financial Innovation in the Banking Sector<\/p>\n<p>5. Monetary Policy and Financial Regulation under the Impact of Vulnerability of the Global Economy<\/p>\n<p>6. Aims of Monetary Policy: Theory, Experience and Perspectives<\/p>\n<p>7. Optimal Monetary policy: in the Searchof an Ideal Pragmatism<\/p>\n<p>8. Harmonization of Fiscal Policy with Monetary Policy under the Conditions of\u00a0 Romanian Taxation<\/p>\n<p>9. Evaluating Nominal Rigidity in the Mechanism of Transmission of Monetary Policy Impulse in Romania<\/p>\n<p>10. Reflections on the National Bank of Romania Participatioon in\u00a0 Ensuring Banking Macrostability and Prudence<\/p>\n<p><strong>Prof. univ. dr. Mihaela ONOFREI<br \/>\n<\/strong><\/p>\n<p>1. Financial Implications of External Growth through Merger and Acquisitions Operations.<\/p>\n<p>2. Analysis of Innovative Sources of Business Financing<\/p>\n<p>3. Crisis of Sovereign Debt: Causes, Ways of Manifestation, Implications<\/p>\n<p>4. Implications of Corporate Financial Governance Regulations on the Efficiency of Capital Market<\/p>\n<p>5. Budgetary Pact and Tax Integration in the Euro Zone<\/p>\n<p><strong>Prof. univ. dr. Ovidiu STOICA<br \/>\n<\/strong><\/p>\n<p>1. New Architecture of Capital Markets and Its Implication in the Context\u00a0 of Financial Globalization<\/p>\n<p>2. Efficiency and Performance in Banking in the Context of Globalization and Financial Integration<\/p>\n<p>3. Institutional Investors and the Efficiency of Capital Markets<\/p>\n<p>4. Financial Regulation and financial Crises<\/p>\n<p>&nbsp;<\/p>\n<p><em><strong>Business Information Systems<\/strong><\/em><\/p>\n<p><strong>Prof. univ. dr. Florin DUMITRIU<br \/>\n<\/strong><\/p>\n<p><strong>Prof. univ. dr. Marin FOTACHE<br \/>\n<\/strong><\/p>\n<p>1. Polyglot Persistence in Business Applications<\/p>\n<p>2. Integrare informationala in sistemele economice<\/p>\n<p>3. Web Semantics and Applications in Economy<\/p>\n<p>4. Modelling and Implementing Processes in Business<\/p>\n<p>5. Issues and Architectural and Implementing Solutions in Business Applications<\/p>\n<p><strong>Prof. univ. dr. Mircea Radu GEORGESCU<br \/>\n<\/strong><\/p>\n<p>1. Technologies for Computer Mediated Learning<\/p>\n<p>2. Role of New Information Technologies in E-Government Information Systems<\/p>\n<p><strong>Prof. univ. dr. Gabriela ME\u015eNI\u0162\u0102<br \/>\n<\/strong><\/p>\n<p>1. Adaptability of the Information Systems Development to Technological Innovation<\/p>\n<p>2. Methodology of Information Systems Development beyond Web 2.0<\/p>\n<p><strong>Prof. univ. dr. Dumitru OPREA<br \/>\n<\/strong><\/p>\n<p>1. Beyond Semantic Web<\/p>\n<p>2. Creativity and Innovation through Informational and Communication Technologies<\/p>\n<p><strong>Prof. univ. dr. Alexandru \u0162UGUI<br \/>\n<\/strong><\/p>\n<p>1. Green IT and Sustainabele Development<\/p>\n<p>2. Deculturalization and ICT<\/p>\n<p>3. Mega-trends in Human Computer Interaction<\/p>\n<p>4. Meta-digitalization of Accounting in Interaction Society<\/p>\n<p>5. Trust and Interaction in Future Accounting<\/p>\n<p>&nbsp;<\/p>\n<p><em><strong>Management<\/strong><\/em><\/p>\n<p><strong>Prof. univ. dr. Maria Viorica BEDRULE-GRIGORU\u0162\u0102<br \/>\n<\/strong><\/p>\n<p>1. Innovation Managementul in Services<\/p>\n<p>2. Competitivity and Performance in Service Companies<\/p>\n<p>3. Performance Parameters in Public Services<\/p>\n<p>4. Convergence and Divergencies in Human Resources Development<\/p>\n<p>5. Quality and Sustainable Development in Services<\/p>\n<p><strong>Prof. univ. dr. Valentin NI\u0162\u0102<br \/>\n<\/strong><\/p>\n<p>1. Impact of Environment Policies on the Development of Transportation<\/p>\n<p>2. New Consumer behaviour Models: the Impact on Big Retailers\u00a0 Policies<\/p>\n<p>3. Sustainable Growth of Tourist Destinations Competitivity<\/p>\n<p>4. Towards a Model of Quality of Services in Big Shopping Centers<\/p>\n<p>5. Perceptions and Attitudes to Disabled People (or discriminated by race, religion, or sex): the Impact on Client Relations Management<\/p>\n<p>6. Model of Technology Acceptance: Applications for Tourist Resorts<\/p>\n<p>7. Industrialization versus flexibility in Services<\/p>\n<p>8. Tourist Services: Factors of Influence and Evaluation Methods<\/p>\n<p>9. Performance in Tourism: Applications on the Romanian Market<\/p>\n<p><strong>Prof. univ. dr. Panaite NICA<br \/>\n<\/strong><\/p>\n<p>1. Comparative Analysis of Ethical Behaviour and Social Responsibility in the Management of\u00a0 Companies from Romania and other EU Countries<\/p>\n<p>2. The Impact of Organizational Culture and of a System of Values on Organizational Performance\u00a0 (Comparative Analysis in Organizations from different countries of the EU)<\/p>\n<p>3. Impact of Transformational Leadership in the Management of Efficient Organizations (could be a comparative analysis in companies from different countries of the EU)<\/p>\n<p>4. Managerial Instruments in Knowledge-Based Organizations: Comparative Analysis in Companies from Different EU Countries.<\/p>\n<p>5. Evaluation Methods of Job Complexity and Correlation with Payment Rewards<\/p>\n<p>6. Impact of Some Components of a Managerial System Allowing the Growth of Staff Satisfaction with the Held Positions<\/p>\n<p>7. Total Quality Management in Public Institutions<\/p>\n<p>8. A Holistic Approach in the Organizational Structure Change; the Impact on the Growth of managerial Performance<\/p>\n<p>9. Managerial System with Sure Achievements in an Unstable Economic Environment<\/p>\n<p><strong>Prof. univ. dr. Adriana PRODAN<br \/>\n<\/strong><\/p>\n<p>1. Implications of Diversity on Human Resource management Practices<\/p>\n<p>2. e-HRM<\/p>\n<p>3. Dynamics of company Rewards and Benefits<\/p>\n<p>4. Human Resource Wealth in a Company and Sustainable Development<\/p>\n<p><strong>Prof. univ. dr. Dumitru ZAI\u0162<br \/>\n<\/strong><\/p>\n<p>1. Methods and Practices of Unconventional Organizational Management<\/p>\n<p>2. Construction and Strategy in Management<\/p>\n<p>&nbsp;<\/p>\n<p><em><strong>Marketing<\/strong><\/em><\/p>\n<p><strong>Prof. univ. dr. Emil MAXIM<br \/>\n<\/strong><\/p>\n<p>1.Improving the Quality of Public Services<\/p>\n<p>2. Comparative Analysis of the Efficiency of Instruments of Service Quality Measurement<\/p>\n<p>3. Impact of Discrepancies between Consumer Behaviour Expectations and Satisfactions<\/p>\n<p>4. Marketing Information for\u00a0 Six-sigma Use in Organizations<\/p>\n<p>5. Dimensions of Environmental Marketing<\/p>\n<p>6. Evaluating the Efficiency of Promotions<\/p>\n<p>7. Using Sociological Models in Measuring Service Quality<\/p>\n<p>8. Consumer Attitude to New Products<\/p>\n<p>9. Product (Service) Diversification<\/p>\n<p>10. Price Policy<\/p>\n<p>11. Marketing Research for Regional Economic Development<\/p>\n<p>12. Relational Marketing in Services<\/p>\n<p>13. Strategic Approaches in Marketing<\/p>\n<p>14. Child Marketing Research<\/p>\n<p>15.Shopping Center Marketing<\/p>\n<p>16. Impact of Brand on Consumer Loyalty<\/p>\n<p>17. Marketing Research for Forecast Substantiation<\/p>\n<p><strong>Prof. univ. dr. Corneliu MUNTEANU<br \/>\n<\/strong><\/p>\n<p>1. Attributing Economic Value: Factors, Components, Mechanisms, Consequences<\/p>\n<p>2. Marketing Implications on Mobile Information Technologies<\/p>\n<p><strong>Prof. univ. dr. \u015etefan PRUTIANU<br \/>\n<\/strong><\/p>\n<p><span style=\"text-decoration: underline;\">Communication and Negotiation:<\/span><\/p>\n<p><strong>Prof. univ. dr. Constantin SASU<br \/>\n<\/strong><\/p>\n<p>1. Political and Election Marketing<\/p>\n<p>2. Social Marketing<\/p>\n<p>3. Ethics and Social Responsibility in Marketing<\/p>\n<p>4. Consumer Behaviour<\/p>\n<p>5. Relational Marketing<\/p>\n<p>6. International Marketing<\/p>\n<p><strong>Prof. univ. dr. Adriana ZAI\u0162<br \/>\n<\/strong><\/p>\n<p><span style=\"text-decoration: underline;\">Specialized Research Topics:<\/span><\/p>\n<p>1. Cultural Dimensions of Corporate Reputation<\/p>\n<p>2. Ethnic Marketing\u00a0 \u2013 Consumer Perceptions of Ethnical Communication<\/p>\n<p>3. Company Reputation, Client Satisfaction and Loyalty &#8211; Potential Meanings of Causal Links<\/p>\n<p>4. Effects of Percieved Corporate Reputation on Consumer Behaviour Intentions<\/p>\n<p>5. Perceptions and Expectations on Environmental Marketing of Different Categories of Public<\/p>\n<p>6. Implications of &#8220;prototypicality&#8221; in Consumer Behaviour Analysis<\/p>\n<p>7. Persuasion Methods in Marketing \u2013 ELM (elaboration likelihood model) versus APE (associative propositional model)<\/p>\n<p>8. Implications of Social Exchange Theory (SET) in Explaining Buyer Behaviour<\/p>\n<p>9. Determinants of Perceived\u00a0 Efficiency of Crisis communication in Public Relations Strategies<\/p>\n<p>10. Perceived Managerial Use of PhD Research Outcomes in Marketing<\/p>\n<p>11. Scientific Rigour and Managerial Efficiency in Romanian Academic Research &#8211; Perceptions of\u00a0 Produced Publications<\/p>\n<p>12. Corporate Reputation in Academic Environment &#8211; Previous Situation and Consequences<\/p>\n<p><span style=\"text-decoration: underline;\">Topics focused on research methodology and fundamental research methodology in marketing<\/span><\/p>\n<p>1. The Drawer Effect and Publication Bias in Marketing Research<\/p>\n<p>2. Mediating, Moderating, Supressor Variables in Marketing Research<\/p>\n<p>3. Validity and Reliability\u00a0 in Marketing Research\u00a0 &#8211; the Case of Formative\u00a0 versus Reflective\u00a0 Measurements<\/p>\n<p>4. Triangulations in Marketing Research\u00a0 &#8211; Meta-Analysis<\/p>\n<p>5. Systematic Literature Review \u2013 Oportunities and Challenges in Carrying Out marketing Research<\/p>\n<p>6. Quantitative versus Qualitative \u2013 Controversies in the Design of Fundamental and Applied Marketing Research<\/p>\n<p>7. Knowledge Transfer\u00a0 in Marketing PhD Research &#8211; Socialization Models<\/p>\n<p>8. Is Applied Research from Venus and Fundamental Research from Mars?<\/p>\n<p>9. Interdisciplinarity in Academic Marketing Research &#8211; Scientific, Institutional and Societal\u00a0 Challenges<\/p>\n","protected":false},"excerpt":{"rendered":"<p>Cybernetics and Statistics Prof. univ. dr. Dinu AIRINEI 1. Decision Support Systems in Business Virtual Environment 2. Trends in Business Intelligence Technologies 3. Ensuring Data Quality in Data Deposits 4. Using Data deposits in Business Intelligence Solutions Prof. univ. dr. Anca Laura ASANDULUI 1. Measuring Public Sector Performance 2. Determiners and Trends of Contageous Diseases [&hellip;]<\/p>\n","protected":false},"author":1,"featured_media":0,"parent":0,"menu_order":0,"comment_status":"open","ping_status":"closed","template":"","meta":{"footnotes":""},"class_list":["post-252","page","type-page","status-publish","hentry"],"_links":{"self":[{"href":"http:\/\/sdeaa.feaa.uaic.ro\/index.php?rest_route=\/wp\/v2\/pages\/252","targetHints":{"allow":["GET"]}}],"collection":[{"href":"http:\/\/sdeaa.feaa.uaic.ro\/index.php?rest_route=\/wp\/v2\/pages"}],"about":[{"href":"http:\/\/sdeaa.feaa.uaic.ro\/index.php?rest_route=\/wp\/v2\/types\/page"}],"author":[{"embeddable":true,"href":"http:\/\/sdeaa.feaa.uaic.ro\/index.php?rest_route=\/wp\/v2\/users\/1"}],"replies":[{"embeddable":true,"href":"http:\/\/sdeaa.feaa.uaic.ro\/index.php?rest_route=%2Fwp%2Fv2%2Fcomments&post=252"}],"version-history":[{"count":37,"href":"http:\/\/sdeaa.feaa.uaic.ro\/index.php?rest_route=\/wp\/v2\/pages\/252\/revisions"}],"predecessor-version":[{"id":706,"href":"http:\/\/sdeaa.feaa.uaic.ro\/index.php?rest_route=\/wp\/v2\/pages\/252\/revisions\/706"}],"wp:attachment":[{"href":"http:\/\/sdeaa.feaa.uaic.ro\/index.php?rest_route=%2Fwp%2Fv2%2Fmedia&parent=252"}],"curies":[{"name":"wp","href":"https:\/\/api.w.org\/{rel}","templated":true}]}}